{"id":495,"date":"2025-03-03T19:34:15","date_gmt":"2025-03-03T17:34:15","guid":{"rendered":"http:\/\/sumoliitto.fi\/?page_id=495"},"modified":"2025-03-03T19:36:24","modified_gmt":"2025-03-03T17:36:24","slug":"west-viru-open-2025","status":"publish","type":"page","link":"http:\/\/sumoliitto.fi\/?page_id=495","title":{"rendered":"West-Viru Open 2025"},"content":{"rendered":"\n<p>Vinni 22 helmikuuta 2025<\/p>\n\n\n\n<p>Markus Latvala taisteli upeasti sarjansa (alle 92 kg) voittoon Viron Vinniss\u00e4 j\u00e4rjestetyiss\u00e4 avoimissa Sumokilpailuissa. Jere J\u00e4rvinen p\u00e4\u00e4si hienosti pronssimatsiin sarjassa +115 kg, mutta h\u00e4visi sen Ukrainan Veresiukille ja sijoittui sarjassaan viidenneksi.<\/p>\n\n\n\n<p class=\"has-light-gray-background-color has-background\" id=\"block-1b8d6f9a-cd96-4821-95d8-e204c141198c\">Miesten alle 92 kg sarjan tulokset:             <\/p>\n\n\n\n<p id=\"block-0ed86582-b390-4668-9e02-dea7bf512f6e\">1 &#8211; <strong>Markus LATVALA, Suomi<\/strong><\/p>\n\n\n\n<p id=\"block-a26cc8da-d772-44d4-8318-7363da2a6bdf\">2 &#8211; Diego PALLAVICINI, Italia<\/p>\n\n\n\n<p id=\"block-9ed9c021-ea91-4154-90bd-f7ddd91ddd60\">3 &#8211; Niccolo PASINI, Italia<\/p>\n\n\n\n<p class=\"has-light-gray-background-color has-background\" id=\"block-cefd8dee-c567-4c10-80f7-0e02aab82f78\">Miesten yli 115 kg sarjan tulokset:<\/p>\n\n\n\n<p id=\"block-0ed86582-b390-4668-9e02-dea7bf512f6e\">1 &#8211; Vacha DAIAURI, Ukraina<\/p>\n\n\n\n<p id=\"block-a26cc8da-d772-44d4-8318-7363da2a6bdf\">2 &#8211; Luka AVAZASHVILI, Georgia<\/p>\n\n\n\n<p id=\"block-9ed9c021-ea91-4154-90bd-f7ddd91ddd60\">3 &#8211; Oleksandr VERESIUK, Ukraina<\/p>\n\n\n\n<p>3 &#8211; Zura TSIKORADZE, Georgia<\/p>\n\n\n\n<p id=\"block-cefd8dee-c567-4c10-80f7-0e02aab82f78\"><\/p>\n","protected":false},"excerpt":{"rendered":"<p>Vinni 22 helmikuuta 2025 Markus Latvala taisteli upeasti sarjansa (alle 92 kg) voittoon Viron Vinniss\u00e4 j\u00e4rjestetyiss\u00e4 avoimissa Sumokilpailuissa. Jere J\u00e4rvinen p\u00e4\u00e4si hienosti pronssimatsiin sarjassa +115 kg, mutta h\u00e4visi sen Ukrainan Veresiukille ja sijoittui sarjassaan viidenneksi. Miesten alle 92 kg sarjan tulokset: 1 &#8211; Markus LATVALA, Suomi 2 &#8211; Diego PALLAVICINI, Italia 3 &#8211; Niccolo PASINI, [&hellip;]<\/p>\n","protected":false},"author":1,"featured_media":0,"parent":0,"menu_order":0,"comment_status":"closed","ping_status":"closed","template":"","meta":{"footnotes":""},"class_list":["post-495","page","type-page","status-publish","hentry","entry"],"_links":{"self":[{"href":"http:\/\/sumoliitto.fi\/index.php?rest_route=\/wp\/v2\/pages\/495","targetHints":{"allow":["GET"]}}],"collection":[{"href":"http:\/\/sumoliitto.fi\/index.php?rest_route=\/wp\/v2\/pages"}],"about":[{"href":"http:\/\/sumoliitto.fi\/index.php?rest_route=\/wp\/v2\/types\/page"}],"author":[{"embeddable":true,"href":"http:\/\/sumoliitto.fi\/index.php?rest_route=\/wp\/v2\/users\/1"}],"replies":[{"embeddable":true,"href":"http:\/\/sumoliitto.fi\/index.php?rest_route=%2Fwp%2Fv2%2Fcomments&post=495"}],"version-history":[{"count":3,"href":"http:\/\/sumoliitto.fi\/index.php?rest_route=\/wp\/v2\/pages\/495\/revisions"}],"predecessor-version":[{"id":499,"href":"http:\/\/sumoliitto.fi\/index.php?rest_route=\/wp\/v2\/pages\/495\/revisions\/499"}],"wp:attachment":[{"href":"http:\/\/sumoliitto.fi\/index.php?rest_route=%2Fwp%2Fv2%2Fmedia&parent=495"}],"curies":[{"name":"wp","href":"https:\/\/api.w.org\/{rel}","templated":true}]}}