{"id":475,"date":"2024-09-10T11:14:10","date_gmt":"2024-09-10T09:14:10","guid":{"rendered":"http:\/\/sumoliitto.fi\/?page_id=475"},"modified":"2024-09-11T09:43:27","modified_gmt":"2024-09-11T07:43:27","slug":"mm-kisat-2024","status":"publish","type":"page","link":"http:\/\/sumoliitto.fi\/?page_id=475","title":{"rendered":"MM-Kisat 2024"},"content":{"rendered":"\n<p id=\"block-ba27ac84-011e-4bb4-8baa-3288de2804c7\">Krotoszyn, Puola \/ Syyskuu 7 &#8211; 8<\/p>\n\n\n\n<p id=\"block-7b1b2082-2dc7-4428-a328-3dd8d5b1e0a4\">Markus Latvalalle viides sija MM-kisoissa!<\/p>\n\n\n\n<figure class=\"wp-block-image size-full is-resized\"><img loading=\"lazy\" decoding=\"async\" width=\"864\" height=\"783\" src=\"http:\/\/sumoliitto.fi\/wp-content\/uploads\/2024\/09\/MM2024-Markus-pronssiottelu-1.jpg\" alt=\"\" class=\"wp-image-480\" style=\"width:820px;height:auto\" srcset=\"http:\/\/sumoliitto.fi\/wp-content\/uploads\/2024\/09\/MM2024-Markus-pronssiottelu-1.jpg 864w, http:\/\/sumoliitto.fi\/wp-content\/uploads\/2024\/09\/MM2024-Markus-pronssiottelu-1-300x272.jpg 300w, http:\/\/sumoliitto.fi\/wp-content\/uploads\/2024\/09\/MM2024-Markus-pronssiottelu-1-768x696.jpg 768w\" sizes=\"auto, (max-width: 864px) 100vw, 864px\" \/><\/figure>\n\n\n\n<p class=\"has-small-font-size\" id=\"block-e10b5fa9-6a65-4f5e-b172-5e97f28e6b5d\">Kuvassa Markus (vasemmalla) taistelemassa pronssimitalista.<\/p>\n\n\n\n<p id=\"block-3f791628-00a3-46a1-8655-e848839e8ca1\">Puolassa j\u00e4rjestetyiss\u00e4 Sumon MM -kisoissa keh\u00e4\u00e4n astui Suomen edustajana Markus Latvala (alle 85 kg painoluokka). Lis\u00e4ksi mukaan l\u00e4hti valmentaja Oskari Riihioja ja keh\u00e4tuomari Marko Pihlajam\u00e4ki.<\/p>\n\n\n\n<p id=\"block-371a63b9-d24a-495d-9dcb-8ab0d0a081a9\">Markus otteli yhteens\u00e4 kuusi ottelua, joista kertyi nelj\u00e4 voittoa ja kaksi tappiota. Ensimm\u00e4iseen otteluun tuli vastaan Englannin Sebastian Wrat, jonka Markus voitti varsin nopeasti. Seuraavaksi Pedro Rodrigues Portugalista koki saman kohtalon Markusta vastaan. Ensimm\u00e4inen tappio Markukselle tuli Bulgarian Pencho Docheville.<\/p>\n\n\n\n<p id=\"block-ef0a2a0a-4412-41ee-a9f3-472edc79dfca\">Markus sai jatkomahdollisuuden ker\u00e4ilyerien kautta. Ensin kukistui Saksan Phumpanya Mazur ja sitten Yhdysvaltojen Edobor Konycha. Pronssiottelussa Markus sai vastaansa Azerbaidzanin Abdullah Sharifin, joka t\u00e4ll\u00e4 kertaa vei voiton, mutta lopputuloksena hienosti jaettu viides sija!<\/p>\n\n\n\n<p id=\"block-1b8d6f9a-cd96-4821-95d8-e204c141198c\">Miesten alle 85 kg sarjan tulokset:<\/p>\n\n\n\n<p id=\"block-0ed86582-b390-4668-9e02-dea7bf512f6e\">1 &#8211; Demio KARACHENKO, Ukraina<\/p>\n\n\n\n<p id=\"block-a26cc8da-d772-44d4-8318-7363da2a6bdf\">2 &#8211; Patryk SWORA, Puola<\/p>\n\n\n\n<p id=\"block-9ed9c021-ea91-4154-90bd-f7ddd91ddd60\">3 &#8211; Abdullah SHARIF, Azerbaidzan<\/p>\n\n\n\n<p id=\"block-cefd8dee-c567-4c10-80f7-0e02aab82f78\">3 &#8211; Pencho DOCHEV, Bulgaria<\/p>\n","protected":false},"excerpt":{"rendered":"<p>Krotoszyn, Puola \/ Syyskuu 7 &#8211; 8 Markus Latvalalle viides sija MM-kisoissa! Kuvassa Markus (vasemmalla) taistelemassa pronssimitalista. Puolassa j\u00e4rjestetyiss\u00e4 Sumon MM -kisoissa keh\u00e4\u00e4n astui Suomen edustajana Markus Latvala (alle 85 kg painoluokka). Lis\u00e4ksi mukaan l\u00e4hti valmentaja Oskari Riihioja ja keh\u00e4tuomari Marko Pihlajam\u00e4ki. Markus otteli yhteens\u00e4 kuusi ottelua, joista kertyi nelj\u00e4 voittoa ja kaksi tappiota. Ensimm\u00e4iseen [&hellip;]<\/p>\n","protected":false},"author":1,"featured_media":0,"parent":0,"menu_order":0,"comment_status":"closed","ping_status":"closed","template":"","meta":{"footnotes":""},"class_list":["post-475","page","type-page","status-publish","hentry","entry"],"_links":{"self":[{"href":"http:\/\/sumoliitto.fi\/index.php?rest_route=\/wp\/v2\/pages\/475","targetHints":{"allow":["GET"]}}],"collection":[{"href":"http:\/\/sumoliitto.fi\/index.php?rest_route=\/wp\/v2\/pages"}],"about":[{"href":"http:\/\/sumoliitto.fi\/index.php?rest_route=\/wp\/v2\/types\/page"}],"author":[{"embeddable":true,"href":"http:\/\/sumoliitto.fi\/index.php?rest_route=\/wp\/v2\/users\/1"}],"replies":[{"embeddable":true,"href":"http:\/\/sumoliitto.fi\/index.php?rest_route=%2Fwp%2Fv2%2Fcomments&post=475"}],"version-history":[{"count":5,"href":"http:\/\/sumoliitto.fi\/index.php?rest_route=\/wp\/v2\/pages\/475\/revisions"}],"predecessor-version":[{"id":487,"href":"http:\/\/sumoliitto.fi\/index.php?rest_route=\/wp\/v2\/pages\/475\/revisions\/487"}],"wp:attachment":[{"href":"http:\/\/sumoliitto.fi\/index.php?rest_route=%2Fwp%2Fv2%2Fmedia&parent=475"}],"curies":[{"name":"wp","href":"https:\/\/api.w.org\/{rel}","templated":true}]}}