{"id":466,"date":"2024-06-13T09:30:49","date_gmt":"2024-06-13T07:30:49","guid":{"rendered":"http:\/\/sumoliitto.fi\/?page_id=466"},"modified":"2024-06-13T09:35:39","modified_gmt":"2024-06-13T07:35:39","slug":"em-kisat-2024","status":"publish","type":"page","link":"http:\/\/sumoliitto.fi\/?page_id=466","title":{"rendered":"EM-kisat 2024"},"content":{"rendered":"\n<p>Loutraki, Kreikka \/ toukokuu 25-26<\/p>\n\n\n\n<p>Suomesta l\u00e4hti Loutrakissa j\u00e4rjestettyihin Sumon EM -kisoihin yksi kilpailija: Markus Latvala (alle 92 kg painoluokka). Lis\u00e4ksi mukaan l\u00e4hti p\u00e4\u00e4valmentaja Oskari Riihioja ja keh\u00e4tuomari Marko Pihlajam\u00e4ki.<\/p>\n\n\n\n<p>Markus taisteli kaksi voittoa nelj\u00e4st\u00e4 ottelusta, mik\u00e4 riitti t\u00e4ll\u00e4 kertaa jaettuun viidenteen sijaan. Markus p\u00e4\u00e4si viimeisess\u00e4 ottelussaan kamppailemaan pronssimitalista, mutta h\u00e4visi sen Viron Raido LIITMAElle.<\/p>\n\n\n\n<p>Miesten alle 92 kg sarjan tulokset:<\/p>\n\n\n\n<p>1 \u2013 Elfes DOLIDZE, Ukraina<\/p>\n\n\n\n<p>2 \u2013 Patryk SWORA, Puola<\/p>\n\n\n\n<p>3 \u2013 Dmyt ZILETSKYI, Ukraina&nbsp;<\/p>\n\n\n\n<p>3 \u2013 Raido LIITMAE, Viro<\/p>\n","protected":false},"excerpt":{"rendered":"<p>Loutraki, Kreikka \/ toukokuu 25-26 Suomesta l\u00e4hti Loutrakissa j\u00e4rjestettyihin Sumon EM -kisoihin yksi kilpailija: Markus Latvala (alle 92 kg painoluokka). Lis\u00e4ksi mukaan l\u00e4hti p\u00e4\u00e4valmentaja Oskari Riihioja ja keh\u00e4tuomari Marko Pihlajam\u00e4ki. Markus taisteli kaksi voittoa nelj\u00e4st\u00e4 ottelusta, mik\u00e4 riitti t\u00e4ll\u00e4 kertaa jaettuun viidenteen sijaan. Markus p\u00e4\u00e4si viimeisess\u00e4 ottelussaan kamppailemaan pronssimitalista, mutta h\u00e4visi sen Viron Raido LIITMAElle. [&hellip;]<\/p>\n","protected":false},"author":1,"featured_media":0,"parent":0,"menu_order":0,"comment_status":"closed","ping_status":"closed","template":"","meta":{"footnotes":""},"class_list":["post-466","page","type-page","status-publish","hentry","entry"],"_links":{"self":[{"href":"http:\/\/sumoliitto.fi\/index.php?rest_route=\/wp\/v2\/pages\/466","targetHints":{"allow":["GET"]}}],"collection":[{"href":"http:\/\/sumoliitto.fi\/index.php?rest_route=\/wp\/v2\/pages"}],"about":[{"href":"http:\/\/sumoliitto.fi\/index.php?rest_route=\/wp\/v2\/types\/page"}],"author":[{"embeddable":true,"href":"http:\/\/sumoliitto.fi\/index.php?rest_route=\/wp\/v2\/users\/1"}],"replies":[{"embeddable":true,"href":"http:\/\/sumoliitto.fi\/index.php?rest_route=%2Fwp%2Fv2%2Fcomments&post=466"}],"version-history":[{"count":2,"href":"http:\/\/sumoliitto.fi\/index.php?rest_route=\/wp\/v2\/pages\/466\/revisions"}],"predecessor-version":[{"id":471,"href":"http:\/\/sumoliitto.fi\/index.php?rest_route=\/wp\/v2\/pages\/466\/revisions\/471"}],"wp:attachment":[{"href":"http:\/\/sumoliitto.fi\/index.php?rest_route=%2Fwp%2Fv2%2Fmedia&parent=466"}],"curies":[{"name":"wp","href":"https:\/\/api.w.org\/{rel}","templated":true}]}}