{"id":385,"date":"2023-09-28T17:33:45","date_gmt":"2023-09-28T15:33:45","guid":{"rendered":"http:\/\/sumoliitto.fi\/?page_id=385"},"modified":"2023-10-13T09:20:41","modified_gmt":"2023-10-13T07:20:41","slug":"mm-kisat-2023","status":"publish","type":"page","link":"http:\/\/sumoliitto.fi\/?page_id=385","title":{"rendered":"MM-kisat 2023"},"content":{"rendered":"\n<p>Tokio, Japani \/ lokakuu 7 &#8211; 8<\/p>\n\n\n\n<p class=\"has-large-font-size\">Hannu Kulmalalle MM-pronssia!<\/p>\n\n\n\n<div class=\"wp-block-cover\"><span aria-hidden=\"true\" class=\"wp-block-cover__background has-background-dim-0 has-background-dim\"><\/span><img loading=\"lazy\" decoding=\"async\" width=\"640\" height=\"480\" class=\"wp-block-cover__image-background wp-image-403\" alt=\"\" src=\"http:\/\/sumoliitto.fi\/wp-content\/uploads\/2023\/10\/MM-2023-Hannu-Kulmala-mitalienjako.jpg\" style=\"object-position:48% 42%\" data-object-fit=\"cover\" data-object-position=\"48% 42%\" srcset=\"http:\/\/sumoliitto.fi\/wp-content\/uploads\/2023\/10\/MM-2023-Hannu-Kulmala-mitalienjako.jpg 640w, http:\/\/sumoliitto.fi\/wp-content\/uploads\/2023\/10\/MM-2023-Hannu-Kulmala-mitalienjako-300x225.jpg 300w\" sizes=\"auto, (max-width: 640px) 100vw, 640px\" \/><div class=\"wp-block-cover__inner-container is-layout-flow wp-block-cover-is-layout-flow\">\n<p><\/p>\n\n\n\n<p><\/p>\n\n\n\n<p><\/p>\n\n\n\n<p><\/p>\n\n\n\n<p><\/p>\n\n\n\n<p><\/p>\n\n\n\n<p><\/p>\n\n\n\n<p class=\"has-text-align-left has-small-font-size\"><\/p>\n<\/div><\/div>\n\n\n\n<p style=\"font-size:15px\">Kuvassa Hannu Kulmala pokkaamassa pronssimitalia.<\/p>\n\n\n\n<p>Suomesta l\u00e4hti Tokiossa j\u00e4rjestettyihin Sumon MM -kisoihin kolme kilpailijaa: Markus Latvala (alle 85 kg painoluokka), Hannu Kulmala (alle 100 kg) ja Jere J\u00e4rvinen (yli 115 kg). Lis\u00e4ksi mukaan l\u00e4hti valmentaja Oskari Riihioja ja keh\u00e4tuomari Marko Pihlajam\u00e4ki. <\/p>\n\n\n\n<p>Hannu Kulmala otteli todella vakuuttavasti ja h\u00e4visi vain yhden ottelun omassa painoluokassaan alle 100 kg sarjassa. Hannun ottelut alkoivat USAn Jordan Karstia vastaan, jonka Hannu voitti suvereenisti. Seuraavassa ottelussaan Brasilian Alex Watanabe Nakayaa vastaan Hannu teki pienen s\u00e4\u00e4nt\u00f6jen vastaisen virheen, jonka johdosta Hannu tuomittiin h\u00e4vi\u00f6\u00f6n. <\/p>\n\n\n\n<p>Hannu sai jatkomahdollisuuden ker\u00e4ilyerien kautta. Ensin kukistui Saksan Thomas Kriegel ja sitten kokenut Puolan Michael Luto. Pronssiottelussa Hannu sai vastaansa Azerbaidzanin Chingiz Samadovin. Hannu otti todella hienon voiton taiturimaisesti viimeistellyll\u00e4 suorituksella. Monet kehuivatkin Hannun suoritusta yhdeksi koko kisojen upeimmista voitoista! <\/p>\n\n\n\n<p>Miesten alle 100 kg sarjan tulokset:<\/p>\n\n\n\n<p>1 &#8211; Yehor KRUBSKYI, Ukraina<\/p>\n\n\n\n<p>2 &#8211; Kazuhiko RYUYAMA, Japani<\/p>\n\n\n\n<p><strong>3 &#8211; Hannu KULMALA, Suomi <\/strong><\/p>\n\n\n\n<p>3 &#8211; Sulde DONGAK, Kirgisia<\/p>\n","protected":false},"excerpt":{"rendered":"<p>Tokio, Japani \/ lokakuu 7 &#8211; 8 Hannu Kulmalalle MM-pronssia! Kuvassa Hannu Kulmala pokkaamassa pronssimitalia. Suomesta l\u00e4hti Tokiossa j\u00e4rjestettyihin Sumon MM -kisoihin kolme kilpailijaa: Markus Latvala (alle 85 kg painoluokka), Hannu Kulmala (alle 100 kg) ja Jere J\u00e4rvinen (yli 115 kg). Lis\u00e4ksi mukaan l\u00e4hti valmentaja Oskari Riihioja ja keh\u00e4tuomari Marko Pihlajam\u00e4ki. Hannu Kulmala otteli todella [&hellip;]<\/p>\n","protected":false},"author":1,"featured_media":0,"parent":10,"menu_order":0,"comment_status":"closed","ping_status":"closed","template":"","meta":{"footnotes":""},"class_list":["post-385","page","type-page","status-publish","hentry","entry"],"_links":{"self":[{"href":"http:\/\/sumoliitto.fi\/index.php?rest_route=\/wp\/v2\/pages\/385","targetHints":{"allow":["GET"]}}],"collection":[{"href":"http:\/\/sumoliitto.fi\/index.php?rest_route=\/wp\/v2\/pages"}],"about":[{"href":"http:\/\/sumoliitto.fi\/index.php?rest_route=\/wp\/v2\/types\/page"}],"author":[{"embeddable":true,"href":"http:\/\/sumoliitto.fi\/index.php?rest_route=\/wp\/v2\/users\/1"}],"replies":[{"embeddable":true,"href":"http:\/\/sumoliitto.fi\/index.php?rest_route=%2Fwp%2Fv2%2Fcomments&post=385"}],"version-history":[{"count":9,"href":"http:\/\/sumoliitto.fi\/index.php?rest_route=\/wp\/v2\/pages\/385\/revisions"}],"predecessor-version":[{"id":408,"href":"http:\/\/sumoliitto.fi\/index.php?rest_route=\/wp\/v2\/pages\/385\/revisions\/408"}],"up":[{"embeddable":true,"href":"http:\/\/sumoliitto.fi\/index.php?rest_route=\/wp\/v2\/pages\/10"}],"wp:attachment":[{"href":"http:\/\/sumoliitto.fi\/index.php?rest_route=%2Fwp%2Fv2%2Fmedia&parent=385"}],"curies":[{"name":"wp","href":"https:\/\/api.w.org\/{rel}","templated":true}]}}