{"id":22,"date":"2018-12-18T14:57:19","date_gmt":"2018-12-18T14:57:19","guid":{"rendered":"http:\/\/sumoliitto.fi\/?page_id=22"},"modified":"2018-12-27T23:07:28","modified_gmt":"2018-12-27T21:07:28","slug":"yhteystiedot","status":"publish","type":"page","link":"http:\/\/sumoliitto.fi\/?page_id=22","title":{"rendered":"Yhteystiedot"},"content":{"rendered":"\n<p>&nbsp;<\/p>\n\n\n\n<div class=\"wp-block-image\"><figure class=\"alignleft is-resized\"><img loading=\"lazy\" decoding=\"async\" src=\"http:\/\/sumoliitto.fi\/wp-content\/uploads\/2018\/12\/Simo-Akrenius.jpg\" alt=\"\" class=\"wp-image-201\" width=\"141\" height=\"182\"\/><figcaption><br><\/figcaption><\/figure><\/div>\n\n\n\n<p>Puheenjohtaja Simo Akrenius<\/p>\n\n\n\n<p class=\"has-small-font-size\">President(at)sumoliitto.fi<br>4. Dan<\/p>\n\n\n\n<p><\/p>\n\n\n\n<p><br><\/p>\n\n\n\n<p style=\"text-align:left\">  <\/p>\n\n\n\n<p>&nbsp;<\/p>\n\n\n\n<div class=\"wp-block-image\"><figure class=\"alignleft is-resized\"><img loading=\"lazy\" decoding=\"async\" src=\"http:\/\/sumoliitto.fi\/wp-content\/uploads\/2018\/12\/Marko-Pihlajamaki-250.jpg\" alt=\"\" class=\"wp-image-203\" width=\"136\" height=\"183\"\/><\/figure><\/div>\n\n\n\n<p>Varapuheenjohtaja Marko Pihlajam\u00e4ki<\/p>\n\n\n\n<p class=\"has-small-font-size\">VicePresident(at)sumoliitto.fi<br>tuomariasiat, kilpailus\u00e4\u00e4nn\u00f6t, nettisivujen yll\u00e4pitoasiat<br> 4.Dan<\/p>\n\n\n\n<p class=\"has-small-font-size\"><br><\/p>\n\n\n\n<p class=\"has-small-font-size\"><\/p>\n","protected":false},"excerpt":{"rendered":"<p>&nbsp; Puheenjohtaja Simo Akrenius President(at)sumoliitto.fi4. Dan &nbsp; Varapuheenjohtaja Marko Pihlajam\u00e4ki VicePresident(at)sumoliitto.fituomariasiat, kilpailus\u00e4\u00e4nn\u00f6t, nettisivujen yll\u00e4pitoasiat 4.Dan<\/p>\n","protected":false},"author":1,"featured_media":0,"parent":0,"menu_order":0,"comment_status":"closed","ping_status":"closed","template":"","meta":{"footnotes":""},"class_list":["post-22","page","type-page","status-publish","hentry","entry"],"_links":{"self":[{"href":"http:\/\/sumoliitto.fi\/index.php?rest_route=\/wp\/v2\/pages\/22","targetHints":{"allow":["GET"]}}],"collection":[{"href":"http:\/\/sumoliitto.fi\/index.php?rest_route=\/wp\/v2\/pages"}],"about":[{"href":"http:\/\/sumoliitto.fi\/index.php?rest_route=\/wp\/v2\/types\/page"}],"author":[{"embeddable":true,"href":"http:\/\/sumoliitto.fi\/index.php?rest_route=\/wp\/v2\/users\/1"}],"replies":[{"embeddable":true,"href":"http:\/\/sumoliitto.fi\/index.php?rest_route=%2Fwp%2Fv2%2Fcomments&post=22"}],"version-history":[{"count":10,"href":"http:\/\/sumoliitto.fi\/index.php?rest_route=\/wp\/v2\/pages\/22\/revisions"}],"predecessor-version":[{"id":312,"href":"http:\/\/sumoliitto.fi\/index.php?rest_route=\/wp\/v2\/pages\/22\/revisions\/312"}],"wp:attachment":[{"href":"http:\/\/sumoliitto.fi\/index.php?rest_route=%2Fwp%2Fv2%2Fmedia&parent=22"}],"curies":[{"name":"wp","href":"https:\/\/api.w.org\/{rel}","templated":true}]}}