{"id":21,"date":"2018-12-18T14:57:19","date_gmt":"2018-12-18T12:57:19","guid":{"rendered":"http:\/\/sumoliitto.fi\/?page_id=21"},"modified":"2018-12-27T20:30:03","modified_gmt":"2018-12-27T18:30:03","slug":"tekniikat","status":"publish","type":"page","link":"http:\/\/sumoliitto.fi\/?page_id=21","title":{"rendered":"Tekniikat"},"content":{"rendered":"\n<p>Japanin Sumoliitto on m\u00e4\u00e4ritellyt 70 perustekniikkaa ja 10 lis\u00e4tekniikkaa.<br>Alla on kuvattu 60 yleisint\u00e4 tekniikkaa (Kimari-te).<br>Tekniikat voidaan jakaa yleisesti heittoihin (Nage, Kake, Sori, Hineri) ja ty\u00f6nt\u00f6ihin (Tsuki, Oshi, Yori). <\/p>\n\n\n\n<figure class=\"wp-block-image\"><img loading=\"lazy\" decoding=\"async\" width=\"791\" height=\"1024\" src=\"http:\/\/sumoliitto.fi\/wp-content\/uploads\/2018\/12\/Kimari-te_01-20-791x1024.jpg\" alt=\"\" class=\"wp-image-194\" srcset=\"http:\/\/sumoliitto.fi\/wp-content\/uploads\/2018\/12\/Kimari-te_01-20-791x1024.jpg 791w, http:\/\/sumoliitto.fi\/wp-content\/uploads\/2018\/12\/Kimari-te_01-20-232x300.jpg 232w, http:\/\/sumoliitto.fi\/wp-content\/uploads\/2018\/12\/Kimari-te_01-20-768x995.jpg 768w, http:\/\/sumoliitto.fi\/wp-content\/uploads\/2018\/12\/Kimari-te_01-20.jpg 912w\" sizes=\"auto, (max-width: 791px) 100vw, 791px\" \/><\/figure>\n\n\n\n<figure class=\"wp-block-image\"><img loading=\"lazy\" decoding=\"async\" width=\"780\" height=\"1024\" src=\"http:\/\/sumoliitto.fi\/wp-content\/uploads\/2018\/12\/Kimari-te_21-40-780x1024.jpg\" alt=\"\" class=\"wp-image-195\" srcset=\"http:\/\/sumoliitto.fi\/wp-content\/uploads\/2018\/12\/Kimari-te_21-40-780x1024.jpg 780w, http:\/\/sumoliitto.fi\/wp-content\/uploads\/2018\/12\/Kimari-te_21-40-228x300.jpg 228w, http:\/\/sumoliitto.fi\/wp-content\/uploads\/2018\/12\/Kimari-te_21-40-768x1009.jpg 768w, http:\/\/sumoliitto.fi\/wp-content\/uploads\/2018\/12\/Kimari-te_21-40.jpg 894w\" sizes=\"auto, (max-width: 780px) 100vw, 780px\" \/><\/figure>\n\n\n\n<figure class=\"wp-block-image\"><img loading=\"lazy\" decoding=\"async\" width=\"827\" height=\"1024\" src=\"http:\/\/sumoliitto.fi\/wp-content\/uploads\/2018\/12\/Kimari-te_41-60-827x1024.jpg\" alt=\"\" class=\"wp-image-196\" srcset=\"http:\/\/sumoliitto.fi\/wp-content\/uploads\/2018\/12\/Kimari-te_41-60-827x1024.jpg 827w, http:\/\/sumoliitto.fi\/wp-content\/uploads\/2018\/12\/Kimari-te_41-60-242x300.jpg 242w, http:\/\/sumoliitto.fi\/wp-content\/uploads\/2018\/12\/Kimari-te_41-60-768x951.jpg 768w, http:\/\/sumoliitto.fi\/wp-content\/uploads\/2018\/12\/Kimari-te_41-60.jpg 924w\" sizes=\"auto, (max-width: 827px) 100vw, 827px\" \/><\/figure>\n","protected":false},"excerpt":{"rendered":"<p>Japanin Sumoliitto on m\u00e4\u00e4ritellyt 70 perustekniikkaa ja 10 lis\u00e4tekniikkaa.Alla on kuvattu 60 yleisint\u00e4 tekniikkaa (Kimari-te).Tekniikat voidaan jakaa yleisesti heittoihin (Nage, Kake, Sori, Hineri) ja ty\u00f6nt\u00f6ihin (Tsuki, Oshi, Yori).<\/p>\n","protected":false},"author":1,"featured_media":0,"parent":0,"menu_order":0,"comment_status":"closed","ping_status":"closed","template":"","meta":{"footnotes":""},"class_list":["post-21","page","type-page","status-publish","hentry","entry"],"_links":{"self":[{"href":"http:\/\/sumoliitto.fi\/index.php?rest_route=\/wp\/v2\/pages\/21","targetHints":{"allow":["GET"]}}],"collection":[{"href":"http:\/\/sumoliitto.fi\/index.php?rest_route=\/wp\/v2\/pages"}],"about":[{"href":"http:\/\/sumoliitto.fi\/index.php?rest_route=\/wp\/v2\/types\/page"}],"author":[{"embeddable":true,"href":"http:\/\/sumoliitto.fi\/index.php?rest_route=\/wp\/v2\/users\/1"}],"replies":[{"embeddable":true,"href":"http:\/\/sumoliitto.fi\/index.php?rest_route=%2Fwp%2Fv2%2Fcomments&post=21"}],"version-history":[{"count":5,"href":"http:\/\/sumoliitto.fi\/index.php?rest_route=\/wp\/v2\/pages\/21\/revisions"}],"predecessor-version":[{"id":200,"href":"http:\/\/sumoliitto.fi\/index.php?rest_route=\/wp\/v2\/pages\/21\/revisions\/200"}],"wp:attachment":[{"href":"http:\/\/sumoliitto.fi\/index.php?rest_route=%2Fwp%2Fv2%2Fmedia&parent=21"}],"curies":[{"name":"wp","href":"https:\/\/api.w.org\/{rel}","templated":true}]}}